{"id":13,"date":"2025-04-22T15:16:33","date_gmt":"2025-04-22T15:16:33","guid":{"rendered":"https:\/\/katte.dk\/?page_id=13"},"modified":"2025-04-22T15:16:33","modified_gmt":"2025-04-22T15:16:33","slug":"om","status":"publish","type":"page","link":"http:\/\/katte.dk\/?page_id=13","title":{"rendered":"Om"},"content":{"rendered":"\n<p>M\u00e5ske er du en kunstner, der gerne vil pr\u00e6sentere dig selv og dit arbejde her, eller m\u00e5ske er du en virksomhed, der har en mission at beskrive.<\/p>\n","protected":false},"excerpt":{"rendered":"<p>M\u00e5ske er du en kunstner, der gerne vil pr\u00e6sentere dig selv og dit arbejde her, eller m\u00e5ske er du en virksomhed, der har en mission at beskrive.<\/p>\n","protected":false},"author":1,"featured_media":10,"parent":0,"menu_order":0,"comment_status":"closed","ping_status":"closed","template":"","meta":{"footnotes":""},"class_list":["post-13","page","type-page","status-publish","has-post-thumbnail","hentry"],"_links":{"self":[{"href":"http:\/\/katte.dk\/index.php?rest_route=\/wp\/v2\/pages\/13","targetHints":{"allow":["GET"]}}],"collection":[{"href":"http:\/\/katte.dk\/index.php?rest_route=\/wp\/v2\/pages"}],"about":[{"href":"http:\/\/katte.dk\/index.php?rest_route=\/wp\/v2\/types\/page"}],"author":[{"embeddable":true,"href":"http:\/\/katte.dk\/index.php?rest_route=\/wp\/v2\/users\/1"}],"replies":[{"embeddable":true,"href":"http:\/\/katte.dk\/index.php?rest_route=%2Fwp%2Fv2%2Fcomments&post=13"}],"version-history":[{"count":1,"href":"http:\/\/katte.dk\/index.php?rest_route=\/wp\/v2\/pages\/13\/revisions"}],"predecessor-version":[{"id":28,"href":"http:\/\/katte.dk\/index.php?rest_route=\/wp\/v2\/pages\/13\/revisions\/28"}],"wp:featuredmedia":[{"embeddable":true,"href":"http:\/\/katte.dk\/index.php?rest_route=\/wp\/v2\/media\/10"}],"wp:attachment":[{"href":"http:\/\/katte.dk\/index.php?rest_route=%2Fwp%2Fv2%2Fmedia&parent=13"}],"curies":[{"name":"wp","href":"https:\/\/api.w.org\/{rel}","templated":true}]}}